{"id":1601,"date":"2019-05-08T15:54:13","date_gmt":"2019-05-08T15:54:13","guid":{"rendered":"https:\/\/cpdp.it\/?page_id=1601"},"modified":"2019-05-15T16:53:23","modified_gmt":"2019-05-15T14:53:23","slug":"statuto","status":"publish","type":"page","link":"https:\/\/cpdp.it\/index.php\/chi-siamo\/statuto\/","title":{"rendered":"Statuto"},"content":{"rendered":"\n<p>Statuto e Regolamento del<\/p>\n\n\n\n<p class=\"has-text-color has-accent-color\"><strong>CENTRO PSICOANALITICO DI PAVIA<\/strong><\/p>\n\n\n\n<p><strong>2016<\/strong><\/p>\n\n\n\n<p>SOCIETA\u2019 PSICOANALITICA ITALIANA<\/p>\n\n\n\n<p>Statuto del<\/p>\n\n\n\n<p>CENTRO PSICOANALITICO DI PAVIA<\/p>\n\n\n\n<p>SOCIETA\u2019 PSICOANALITICA ITALIANA<\/p>\n\n\n\n<p>Statuto e Regolamento del<\/p>\n\n\n\n<p>CENTRO PSICOANALITICO DI PAVIA<\/p>\n\n\n\n<p>########<\/p>\n\n\n\n<p>Questa \u00e8 la seconda edizione dello statuto del CPdP, accolta dopo votazione su proposta dell\u2019Esecutivo nazionale nel marzo del 2016.<\/p>\n\n\n\n<p>Prima edizione redatta nel 2011.<\/p>\n\n\n\n<p><strong>INDICE STATUTO<\/strong><\/p>\n\n\n\n<p>Art.1 Costituzione<\/p>\n\n\n\n<p>Art.2 Sede<\/p>\n\n\n\n<p>Art.3 Scopo<\/p>\n\n\n\n<p>Art.4 Soci<\/p>\n\n\n\n<p>Art.5 Soci onorari<\/p>\n\n\n\n<p>Art.6 Ospiti<\/p>\n\n\n\n<p>Art. 7 Quote<\/p>\n\n\n\n<p>Art. 8 Perdita della qualit\u00e0 di socio<\/p>\n\n\n\n<p>Art. 9 Organi del Centro<\/p>\n\n\n\n<p>Art. 10 L\u2019Assemblea dei soci<\/p>\n\n\n\n<p>Art. 11 Comitato Esecutivo<\/p>\n\n\n\n<p>Art. 12Composizione del Comitato Esecutivo<\/p>\n\n\n\n<p>Art. 13 Fondo e patrimonio<\/p>\n\n\n\n<p>Art. 14 Scioglimento<\/p>\n\n\n\n<p><strong>STATUTO<\/strong><\/p>\n\n\n\n<p>Art. 1 Costituzione<\/p>\n\n\n\n<p>Nel 2011 \u00e8 costituita l\u2019Associazione denominata Centro Psicoanalitico di Pavia, sezione locale della Societ\u00e0 Psicoanalitica italiana S.P.I. di cui accetta Statuto, Regolamento, Procedure e Codice Deontologico.<\/p>\n\n\n\n<p>Il Centro ha come finalit\u00e0&nbsp; la tutela della psicoanalisi e della professionalit\u00e0 dei propri Soci e la ricerca e l&#8217;aggiornamento in psicoanalisi nel rispetto della specificit\u00e0 locale e culturale del Centro stesso.<\/p>\n\n\n\n<p>Art. 2 Sede<\/p>\n\n\n\n<p>Il Centro ha sede in Pavia, via Frank, 11. Viene fatta salva la facolt\u00e0 di modificare la sede senza necessit\u00e0 di modificare lo Statuto.<\/p>\n\n\n\n<p>Art. 3 Scopo<\/p>\n\n\n\n<p>Il Centro non ha fini di lucro. Promuove e realizza lo scopo societario della S.P.I. di sviluppare lo studio della psicoanalisi e l\u2019aggiornamento professionale mantenendo la specificit\u00e0 locale e culturale che gli appartengono.<\/p>\n\n\n\n<p>Il Centro favorisce la diffusione e la tutela della psicoanalisi nei suoi aspetti teorici e clinici, gli scambi culturali, anche con altre discipline rappresentate sia da Istituzioni che da singoli studiosi e, nell\u2019ambito delle sue finalit\u00e0 scientifiche, pu\u00f2 compiere tutte le operazioni consentite dalla legge per il raggiungimento dei propri scopi e, nel rispetto di questi, pu\u00f2 offrire servizi a soggetti pubblici e privati, comprese le persone fisiche.<\/p>\n\n\n\n<p>Art. 4 Soci<\/p>\n\n\n\n<p>Sono Soci del Centro oltre ai Soci fondatori, i soci gi\u00e0 iscritti alla SPI la cui domanda di ammissione presentata al Presidente del Centro, sia stata accolta.<\/p>\n\n\n\n<p>I Soci della SPI sono tenuti all\u2019iscrizione, che avviene dietro domanda dell\u2019interessato, ad almeno un Centro.<\/p>\n\n\n\n<p>I Candidati dell\u2019Istituto Nazionale di Training (I.N.T.) della S.P.I.,&nbsp; nella qualit\u00e0 di Candidati della SPI e previo parere favorevole del Comitato Esecutivo del Centro e della sezione locale dell\u2019I.N.T. da essi frequentata, partecipano alle attivit\u00e0 del Centro.<\/p>\n\n\n\n<p>Possono inoltre far parte del Centro, come Soci, gli psicoanalisti dell\u2019IPA o di altri Centri della SPI.<\/p>\n\n\n\n<p>La domanda di ammissione va presentata al Presidente del Centro e segue le medesime modalit\u00e0 previste per gli altri Soci.<\/p>\n\n\n\n<p>La qualit\u00e0 di Socio del Centro comporta l\u2019accettazione del presente Statuto, del Regolamento e delle eventuali procedure nonch\u00e9 l\u2019obbligo di procedere al pagamento delle quote associative.<\/p>\n\n\n\n<p>I Soci hanno il diritto al controllo dell\u2019andamento del Centro con la possibilit\u00e0 di avere l\u2019accesso alla documentazione gestionale e assembleare del Centro stesso.<\/p>\n\n\n\n<p>Qualsiasi causa estintiva del rapporto associativo con la SPI o con l\u2019IPA importer\u00e0 la cessazione del rapporto associativo con il Centro.<\/p>\n\n\n\n<p>Il Centro non garantisce la competenza dell\u2019associato e non risponde in alcun modo degli eventuali illeciti di qualsiasi genere commessi dall\u2019Associato.<\/p>\n\n\n\n<p>Ogni Socio del Centro ha diritto ad esprimere il proprio voto. I Soci gi\u00e0 iscritti in altri Centri hanno il diritto di voto.<\/p>\n\n\n\n<p>Art. 5 Soci onorari<\/p>\n\n\n\n<p>L\u2019Assemblea pu\u00f2 conferire la qualifica di Socio Onorario a eminenti studiosi che abbiano acquisito particolari meriti scientifici e culturali nei confronti della psicoanalisi. Il Socio Onorario non \u00e8 tenuto al pagamento della quota. Il Socio Onorario non ha diritto di voto, salvo che si tratti di un socio della S.P.I.<\/p>\n\n\n\n<p>Art. 6 Ospiti<\/p>\n\n\n\n<p>Possono fare temporaneamente parte del Centro, come membri ospiti, psicoanalisti dell\u2019I.P.A. o di altri Centri della S.P.I. che ne facciano richiesta al Presidente del Centro e siano autorizzati dal Comitato Esecutivo del Centro.<\/p>\n\n\n\n<p>Nell\u2019ambito di specifiche iniziative culturali e scientifiche possono essere ammessi ospiti non psicoanalisti.<\/p>\n\n\n\n<p>Art. 7 Quote<\/p>\n\n\n\n<p>I Soci del Centro, dall\u2019atto dell\u2019ammissione, sono tenuti al regolare pagamento della quota annuale. Le modalit\u00e0 e l\u2019ammontare di tali versamenti vengono stabiliti dall\u2019Assemblea Ordinaria del Centro.<\/p>\n\n\n\n<p>Art. 8 Perdita della qualit\u00e0 di Socio<\/p>\n\n\n\n<p>Il Socio perde tale qualit\u00e0 per il venir meno della condizione di socio della S.P.I.,per morosit\u00e0, per gravi motivi, per dimissioni. Queste ultime saranno effettive dopo la prima Assemblea Ordinaria successiva del Centro. L\u2019esclusione del Socio per gravi motivi viene proposta dal Comitato Esecutivo del Centro e deve essere approvata dall\u2019Assemblea Ordinaria del Centro. Ogni controversia che dovesse insorgere tra i Soci, oppure tra uno o pi\u00f9 Soci e gli organismi del Centro, sar\u00e0 devoluta al Comitato Esecutivo Nazionale della S.P.I.<\/p>\n\n\n\n<p>Art. 9 Organi del Centro<\/p>\n\n\n\n<p>Essi sono:<\/p>\n\n\n\n<ul><li>l\u2019Assemblea dei Soci<\/li><li>il Comitato Esecutivo<\/li><li>il Presidente.<\/li><\/ul>\n\n\n\n<p>Art. 10 L\u2019Assemblea dei Soci<\/p>\n\n\n\n<p>Per la gestione della propria attivit\u00e0 il Centro \u00e8 governato dall\u2019Assemblea dei Soci che \u00e8 l\u2019organo deliberante del Centro. Ogni Socio ha diritto di voto, purch\u00e8 sia in regola con la quota sociale&nbsp;<\/p>\n\n\n\n<p>Le Assemblee sono ordinarie e straordinarie. L\u2019Assemblea ordinaria si riunisce almeno una volta l\u2019anno per l\u2019approvazione del programma scientifico e del bilancio. E\u2019 convocata con preavviso di quindici giorni dal Presidente, con indicazione dell\u2019ordine del giorno e dell\u2019eventuale seconda convocazione. L\u2019Assemblea straordinaria si riunisce ogni volta che il Comitato Esecutivo o il Presidente del Centro lo ritengano opportuno o 1\/10 dei soci lo richieda, ed \u00e8 convocata con le stesse modalit\u00e0 di quella ordinaria.<\/p>\n\n\n\n<p>Il Comitato esecutivo ha la facolt\u00e0 di scegliere, per ciascuna deliberazione, se la votazione debba avvenire in assemblea, oppure tramite corrispondenza cartacea o telematica, o voto elettronico o altra forma consentita dalla normativa vigente.<\/p>\n\n\n\n<p>Le Assemblee sono presiedute dal Presidente del Centro o, in mancanza di questi, dal Segretario Scientifico. Spetta al Presidente constatare la regolarit\u00e0 delle deleghe e, in genere, il diritto d\u2019intervenire all\u2019Assemblea.<\/p>\n\n\n\n<p>Le votazioni riguardanti la nomina del Comitato Esecutivo, e ogni votazione concernente persone fisiche, dovranno avvenire a scrutinio segreto. Per queste ultime, il Presidente nomina un segretario e due scrutatori. Delle riunioni dell\u2019Assemblea verr\u00e0 redatto il relativo verbale su apposito libro, sottoscritto dal Presidente e dal Segretario e, in caso di votazioni a scrutinio segreto, dagli scrutatori.<\/p>\n\n\n\n<p>L\u2019Assemblea \u00e8 regolarmente costituita, in prima convocazione, con la presenza di almeno met\u00e0 degli associati aventi diritto di voto, mentre in seconda convocazione qualunque sia il numero dei presenti.<\/p>\n\n\n\n<p>Le deliberazioni sono assunte con il voto favorevole della maggioranza dei votanti.<\/p>\n\n\n\n<p>I quorum di cui sopra si applicano anche per le modifiche dello Statuto e del Regolamento.<\/p>\n\n\n\n<p>Le delibere dell\u2019Assemblea, per l\u2019esclusione di un Socio, richiedono il quorum deliberativo della maggioranza dei due terzi dei votanti.<\/p>\n\n\n\n<p>Le votazioni relative allo scioglimento dell\u2019Associazione o alla devoluzione del patrimonio residuo potranno avvenire esclusivamente in assemblea: in tali casi \u00e8 richiesto il quorum deliberativo della maggioranza dei tre quarti degli associati.<\/p>\n\n\n\n<p>I Soci hanno la facolt\u00e0 di farsi rappresentare da altri Soci con delega scritta e ogni Socio pu\u00f2 essere portatore di una sola delega.<\/p>\n\n\n\n<p>Art. 11 Comitato Esecutivo<\/p>\n\n\n\n<p>L\u2019Associazione \u00e8 amministrata dal Comitato Esecutivo.<\/p>\n\n\n\n<p>I componenti del Comitato Esecutivo sono eletti, tra i Soci del Centro, nell\u2019Assemblea ordinaria, con voto segreto e a maggioranza. In caso di parit\u00e0 dei voti, si proceder\u00e0 al ballottaggio con nuova votazione.<\/p>\n\n\n\n<p>Il Comitato Esecutivo dura in carica 4 anni e i suoi membri non possono essere rieletti consecutivamente per la stessa carica. In caso di dimissioni o decesso di un componente, il Comitato Esecutivo convoca l\u2019Assemblea ordinaria dei Soci del Centro, che, con nuove elezioni, provvede a nominare un nuovo membro, che rimane in carica fino alla fine del mandato del Comitato Esecutivo. Qualora il Comitato Esecutivo sia dimissionario, esso resta in carica per l\u2019ordinaria amministrazione fino a quando l\u2019Assemblea, appositamente convocata, non avr\u00e0 eletto il nuovo Comitato.<\/p>\n\n\n\n<p>\u00c8 prevista una scadenza unica elettorale per tutte le cariche. Nonch\u00e9 per le cariche in sostituzione straordinaria.<\/p>\n\n\n\n<p>Le deliberazioni del Comitato Esecutivo sono prese a maggioranza dei votanti: in caso di parit\u00e0, prevale il voto del Presidente.<\/p>\n\n\n\n<p>Art. 12 Composizione del Comitato Esecutivo<\/p>\n\n\n\n<p>Il Comitato Esecutivo \u00e8 composto da:<\/p>\n\n\n\n<p>&#8211; Presidente<\/p>\n\n\n\n<p>&#8211; Segretario Scientifico<\/p>\n\n\n\n<p>&#8211; Segretario Amministrativo<\/p>\n\n\n\n<p>&#8211; Tesoriere<\/p>\n\n\n\n<p>&#8211; Consigliere.<\/p>\n\n\n\n<p>Il Comitato Esecutivo pu\u00f2 essere ulteriormente integrato da uno o pi\u00f9 membri responsabili di funzioni specifiche, eletti dall\u2019Assemblea Ordinaria.&nbsp;<\/p>\n\n\n\n<p>Il Presidente \u00e8 il rappresentante legale del Centro e mantiene i rapporti con la S.P.I. Convoca e presiede le assemblee del Centro, firma gli atti ufficiali e i verbali delle riunioni redatti dal Segretario Amministrativo.<\/p>\n\n\n\n<p>Il Segretario Scientifico \u00e8 il responsabile della realizzazione del programma scientifico e culturale approvato dall\u2019Assemblea e rappresenta il Centro in seno alla Commissione Scientifica della S.P.I.<\/p>\n\n\n\n<p>Il Segretario Amministrativo cura l\u2019elenco ufficiale dei Soci, redige e controfirma i verbali e ne cura la conservazione, custodisce l\u2019archivio del Centro, cura lo scambio d\u2019informazioni tra Soci e il Comitato Esecutivo, redige le comunicazioni per il Notiziario della S.P.I., d\u00e0 esecuzione ai deliberata dell\u2019Assemblea, \u00e8 rappresentante del Centro presso la Commissione intercentri.<\/p>\n\n\n\n<p>Il Tesoriere tiene la contabilit\u00e0 del Centro e redige il bilancio consuntivo e preventivo da presentare ogni anno all\u2019Assemblea per l\u2019approvazione. Provvede alla riscossione delle quote sociali e segnala al Presidente le eventuali morosit\u00e0 per le opportune decisioni.<\/p>\n\n\n\n<p>Il Consigliere svolge funzioni e incarichi specifici individuati dall\u2019Esecutivo del Centro.<\/p>\n\n\n\n<p>L\u2019Assemblea elegge il Referente per bambini e adolescenti, la sua carica \u00e8 direttamente correlata alla durata del Comitato esecutivo. Il Referente ha il compito, ai sensi dell\u2019art. 8 del Regolamento SPI, di collaborare con il Coordinatore b\/a nazionale per l\u2019aggiornamento e con la Segreteria scientifica del Centro.<\/p>\n\n\n\n<p>Art. 13 Fondo e patrimonio<\/p>\n\n\n\n<p>Il fondo del Centro \u00e8 costituito dalle quote dei Soci, nonch\u00e9 dai beni con esse acquistati, dai contributi dell\u2019I.N.T. per i candidati, dalle attivit\u00e0 scientifiche e culturali del Centro, dai contributi eventualmente offerti dai Soci e da Enti pubblici o privati.<\/p>\n\n\n\n<p>Il patrimonio \u00e8 formato dai beni mobili ed immobili di cui \u00e8 dotato il Centro.<\/p>\n\n\n\n<p>Art. 14 Scioglimento<\/p>\n\n\n\n<p>L\u2019eventuale proposta di scioglimento del Centro andr\u00e0 notificata all\u2019Esecutivo Nazionale della S.P.I.. L\u2019Assemblea provveder\u00e0, con il voto favorevole di almeno tre quarti degli aventi diritto di voto, alla nomina di uno o pi\u00f9 liquidatori per le pratiche relative alla devoluzione del patrimonio.<\/p>\n\n\n\n<p>Per quanto non previsto nel presente Statuto vale quanto stabilito dallo Statuto e Regolamento della S.P.I. e dalle leggi vigenti.<\/p>\n","protected":false},"excerpt":{"rendered":"<p>Statuto e Regolamento del CENTRO PSICOANALITICO DI PAVIA 2016 SOCIETA\u2019 PSICOANALITICA ITALIANA Statuto del CENTRO PSICOANALITICO DI PAVIA SOCIETA\u2019 PSICOANALITICA ITALIANA Statuto e Regolamento del CENTRO PSICOANALITICO DI PAVIA ######## Questa \u00e8 la seconda edizione dello statuto del CPdP, accolta dopo votazione su proposta dell\u2019Esecutivo nazionale nel marzo del 2016. Prima edizione redatta nel 2011.&hellip;<\/p>\n","protected":false},"author":1,"featured_media":0,"parent":91,"menu_order":0,"comment_status":"closed","ping_status":"closed","template":"","meta":{"footnotes":""},"yoast_head":"<!-- This site is optimized with the Yoast SEO plugin v21.7 - https:\/\/yoast.com\/wordpress\/plugins\/seo\/ -->\n<title>Statuto - CPDP<\/title>\n<meta name=\"robots\" content=\"index, follow, max-snippet:-1, max-image-preview:large, max-video-preview:-1\" \/>\n<link rel=\"canonical\" href=\"https:\/\/cpdp.it\/index.php\/chi-siamo\/statuto\/\" \/>\n<meta property=\"og:locale\" content=\"it_IT\" \/>\n<meta property=\"og:type\" content=\"article\" \/>\n<meta property=\"og:title\" content=\"Statuto - CPDP\" \/>\n<meta property=\"og:description\" content=\"Statuto e Regolamento del CENTRO PSICOANALITICO DI PAVIA 2016 SOCIETA\u2019 PSICOANALITICA ITALIANA Statuto del CENTRO PSICOANALITICO DI PAVIA SOCIETA\u2019 PSICOANALITICA ITALIANA Statuto e Regolamento del CENTRO PSICOANALITICO DI PAVIA ######## Questa \u00e8 la seconda edizione dello statuto del CPdP, accolta dopo votazione su proposta dell\u2019Esecutivo nazionale nel marzo del 2016. Prima edizione redatta nel 2011.&hellip;\" \/>\n<meta property=\"og:url\" content=\"https:\/\/cpdp.it\/index.php\/chi-siamo\/statuto\/\" \/>\n<meta property=\"og:site_name\" content=\"CPDP\" \/>\n<meta property=\"article:modified_time\" content=\"2019-05-15T14:53:23+00:00\" \/>\n<meta name=\"twitter:card\" content=\"summary_large_image\" \/>\n<meta name=\"twitter:label1\" content=\"Tempo di lettura stimato\" \/>\n\t<meta name=\"twitter:data1\" content=\"9 minuti\" \/>\n<script type=\"application\/ld+json\" class=\"yoast-schema-graph\">{\"@context\":\"https:\/\/schema.org\",\"@graph\":[{\"@type\":\"WebPage\",\"@id\":\"https:\/\/cpdp.it\/index.php\/chi-siamo\/statuto\/\",\"url\":\"https:\/\/cpdp.it\/index.php\/chi-siamo\/statuto\/\",\"name\":\"Statuto - CPDP\",\"isPartOf\":{\"@id\":\"https:\/\/cpdp.it\/#website\"},\"datePublished\":\"2019-05-08T15:54:13+00:00\",\"dateModified\":\"2019-05-15T14:53:23+00:00\",\"breadcrumb\":{\"@id\":\"https:\/\/cpdp.it\/index.php\/chi-siamo\/statuto\/#breadcrumb\"},\"inLanguage\":\"it-IT\",\"potentialAction\":[{\"@type\":\"ReadAction\",\"target\":[\"https:\/\/cpdp.it\/index.php\/chi-siamo\/statuto\/\"]}]},{\"@type\":\"BreadcrumbList\",\"@id\":\"https:\/\/cpdp.it\/index.php\/chi-siamo\/statuto\/#breadcrumb\",\"itemListElement\":[{\"@type\":\"ListItem\",\"position\":1,\"name\":\"Home\",\"item\":\"https:\/\/cpdp.it\/\"},{\"@type\":\"ListItem\",\"position\":2,\"name\":\"Chi siamo\",\"item\":\"https:\/\/cpdp.it\/index.php\/chi-siamo\/\"},{\"@type\":\"ListItem\",\"position\":3,\"name\":\"Statuto\"}]},{\"@type\":\"WebSite\",\"@id\":\"https:\/\/cpdp.it\/#website\",\"url\":\"https:\/\/cpdp.it\/\",\"name\":\"CPDP\",\"description\":\"Centro Psicoanalitico di Pavia\",\"potentialAction\":[{\"@type\":\"SearchAction\",\"target\":{\"@type\":\"EntryPoint\",\"urlTemplate\":\"https:\/\/cpdp.it\/?s={search_term_string}\"},\"query-input\":\"required name=search_term_string\"}],\"inLanguage\":\"it-IT\"}]}<\/script>\n<!-- \/ Yoast SEO plugin. -->","yoast_head_json":{"title":"Statuto - CPDP","robots":{"index":"index","follow":"follow","max-snippet":"max-snippet:-1","max-image-preview":"max-image-preview:large","max-video-preview":"max-video-preview:-1"},"canonical":"https:\/\/cpdp.it\/index.php\/chi-siamo\/statuto\/","og_locale":"it_IT","og_type":"article","og_title":"Statuto - CPDP","og_description":"Statuto e Regolamento del CENTRO PSICOANALITICO DI PAVIA 2016 SOCIETA\u2019 PSICOANALITICA ITALIANA Statuto del CENTRO PSICOANALITICO DI PAVIA SOCIETA\u2019 PSICOANALITICA ITALIANA Statuto e Regolamento del CENTRO PSICOANALITICO DI PAVIA ######## Questa \u00e8 la seconda edizione dello statuto del CPdP, accolta dopo votazione su proposta dell\u2019Esecutivo nazionale nel marzo del 2016. Prima edizione redatta nel 2011.&hellip;","og_url":"https:\/\/cpdp.it\/index.php\/chi-siamo\/statuto\/","og_site_name":"CPDP","article_modified_time":"2019-05-15T14:53:23+00:00","twitter_card":"summary_large_image","twitter_misc":{"Tempo di lettura stimato":"9 minuti"},"schema":{"@context":"https:\/\/schema.org","@graph":[{"@type":"WebPage","@id":"https:\/\/cpdp.it\/index.php\/chi-siamo\/statuto\/","url":"https:\/\/cpdp.it\/index.php\/chi-siamo\/statuto\/","name":"Statuto - CPDP","isPartOf":{"@id":"https:\/\/cpdp.it\/#website"},"datePublished":"2019-05-08T15:54:13+00:00","dateModified":"2019-05-15T14:53:23+00:00","breadcrumb":{"@id":"https:\/\/cpdp.it\/index.php\/chi-siamo\/statuto\/#breadcrumb"},"inLanguage":"it-IT","potentialAction":[{"@type":"ReadAction","target":["https:\/\/cpdp.it\/index.php\/chi-siamo\/statuto\/"]}]},{"@type":"BreadcrumbList","@id":"https:\/\/cpdp.it\/index.php\/chi-siamo\/statuto\/#breadcrumb","itemListElement":[{"@type":"ListItem","position":1,"name":"Home","item":"https:\/\/cpdp.it\/"},{"@type":"ListItem","position":2,"name":"Chi siamo","item":"https:\/\/cpdp.it\/index.php\/chi-siamo\/"},{"@type":"ListItem","position":3,"name":"Statuto"}]},{"@type":"WebSite","@id":"https:\/\/cpdp.it\/#website","url":"https:\/\/cpdp.it\/","name":"CPDP","description":"Centro Psicoanalitico di Pavia","potentialAction":[{"@type":"SearchAction","target":{"@type":"EntryPoint","urlTemplate":"https:\/\/cpdp.it\/?s={search_term_string}"},"query-input":"required name=search_term_string"}],"inLanguage":"it-IT"}]}},"jetpack_sharing_enabled":true,"_links":{"self":[{"href":"https:\/\/cpdp.it\/index.php\/wp-json\/wp\/v2\/pages\/1601"}],"collection":[{"href":"https:\/\/cpdp.it\/index.php\/wp-json\/wp\/v2\/pages"}],"about":[{"href":"https:\/\/cpdp.it\/index.php\/wp-json\/wp\/v2\/types\/page"}],"author":[{"embeddable":true,"href":"https:\/\/cpdp.it\/index.php\/wp-json\/wp\/v2\/users\/1"}],"replies":[{"embeddable":true,"href":"https:\/\/cpdp.it\/index.php\/wp-json\/wp\/v2\/comments?post=1601"}],"version-history":[{"count":1,"href":"https:\/\/cpdp.it\/index.php\/wp-json\/wp\/v2\/pages\/1601\/revisions"}],"predecessor-version":[{"id":1602,"href":"https:\/\/cpdp.it\/index.php\/wp-json\/wp\/v2\/pages\/1601\/revisions\/1602"}],"up":[{"embeddable":true,"href":"https:\/\/cpdp.it\/index.php\/wp-json\/wp\/v2\/pages\/91"}],"wp:attachment":[{"href":"https:\/\/cpdp.it\/index.php\/wp-json\/wp\/v2\/media?parent=1601"}],"curies":[{"name":"wp","href":"https:\/\/api.w.org\/{rel}","templated":true}]}}