{"id":3,"date":"2019-01-29T18:34:25","date_gmt":"2019-01-29T18:34:25","guid":{"rendered":"http:\/\/cpdp.mine.nu\/\/?page_id=3"},"modified":"2021-03-31T15:49:05","modified_gmt":"2021-03-31T13:49:05","slug":"privacy-policy","status":"publish","type":"page","link":"https:\/\/cpdp.it\/index.php\/privacy-policy\/","title":{"rendered":"Privacy Policy"},"content":{"rendered":"\n<div class=\"article-header\">\n<div class=\"article-rel-wrapper\">\n<h2 class=\"contentheading\">Policy Privacy<\/h2>\n<\/div>\n<\/div>\n\n\n\n<p class=\"western\">La presente policy privacy ha la finalit\u00e0 di descrivere in generale le modalit\u00e0 di gestione del Sito www.cpdp.it&nbsp;(di seguito \u201cSito\u201d) in riferimento al trattamento dei dati personali degli utenti che lo consultano (il documento non include i trattamenti svolti su altri siti web eventualmente consultabili dall\u2019utente tramite link presenti sul Sito).<\/p>\n\n\n\n<p>Il presente documento assume carattere generale ed informa riguardo i criteri per il trattamento corretto e lecito dei dati personali effettuato tramite il Sito o sul Sito. Questi criteri saranno illustrati in modo dettagliato all\u2019utente all\u2019interno delle Informative pubblicate nelle sezioni del Sito volte a specificare le modalit\u00e0 e le finalit\u00e0 dei trattamenti connessi alla fornitura di specifici servizi e\/o informazioni di varia natura.<\/p>\n\n\n\n<p>La presente policy privacy \u00e8 conforme alle indicazioni contenute nella Raccomandazione n. 2\/2001 che il Gruppo dei Garanti europei per il trattamento dei dati personali, istituito dall\u2019art. 29 della direttiva n. 95\/46\/CE , ha adottato il 17 Maggio 2001 per individuare alcuni requisiti minimi per la raccolta di dati personali on-line, e, in particolare, le modalit\u00e0, i tempi e la natura delle informazioni che i titolari del trattamento devono fornire agli utenti quando questi si collegano a pagine web, indipendentemente dagli scopi del collegamento.<\/p>\n\n\n\n<p class=\"western\"><strong>IL TITOLARE DEL TRATTAMENTO DEI DATI<\/strong><\/p>\n\n\n\n<p class=\"western\">Il titolare del trattamento dei suoi dati personali \u00e8 il Centro Psicoanalitico di Pavia (Centro locale della Societ\u00e0 Psicoanalitica Italiana), con sede in Pavia alla Via Franck 11.<\/p>\n\n\n\n<p class=\"western\"><strong>I DATI RACCOLTI<\/strong><\/p>\n\n\n\n<p class=\"western\">Gli utenti sono a conoscenza che l\u2019utilizzo di questo sito importa il trattamento di dati personali, diretti o indiretti, che li riguardano. Noi raccogliamo, pertanto, dati personali, diretti o indiretti, mediante il sito.<\/p>\n\n\n\n<p class=\"western\"><strong>I dati rilasciati volontariamente <\/strong><\/p>\n\n\n\n<p>L\u2019invio facoltativo e volontario di mail agli indirizzi indicati sul Sito comporta la successiva acquisizione dell\u2019indirizzo del mittente, necessario per rispondere alle richieste, nonch\u00e9 degli eventuali altri dati personali inseriti nella missiva.<\/p>\n\n\n\n<p class=\"western\">Inoltre, pu\u00f2 inviarci i suoi dati personali mediante la compilazione, di appositi form online predisposti dalla SPI per consentirLe di richiedere informazioni circa gli eventi organizzati dall\u2019Associazione, per registrarsi al Sito o presentare qualsiasi richiesta inerente le attivit\u00e0 dell\u2019associazione. Potr\u00e0 leggere specifiche informative di sintesi visionabili nelle pagine del sito in cui si procede alla raccolta di dati per rilasciarle particolari servizi a richiesta. I suoi dati personali sono, a mero titolo esemplificativo, il nome, cognome, indirizzo di posta elettronica, riferimenti telefonici.<\/p>\n\n\n\n<p class=\"western\">Nel caso in cui Lei intenda usufruire dell\u2019area di cui alla \u201cSezione registrati\u201d trattiamo anche la sua user id necessaria per accedere alla specifica area. La password, invece, \u00e8 di sua esclusiva conoscenza posto che va modificata subito dopo l\u2019invio da parte nostra della password temporanea.<\/p>\n\n\n\n<p class=\"western\">Lei \u00e8 il solo soggetto responsabile dell\u2019esattezza dei dati conferiti in sede di compilazione di questi form e si impegna, pertanto, ad un aggiornamento costante dei dati personali conferiti.<\/p>\n\n\n\n<p class=\"western\"><strong>Cookies<\/strong><\/p>\n\n\n\n<p class=\"western\">Possiamo impiegare dei cookies di sessione per l\u2019accesso al Sito.<\/p>\n\n\n\n<p class=\"western\">I cookies sono dei piccoli file di testo che, trasferiti sull\u2019hard disk del computer dei visitatori, consentono di conoscere la frequenza delle visite e quali pagine del sito vengono visitate dai netizen.<\/p>\n\n\n\n<p class=\"western\">Si tratta di dati che non permettono di procedere all\u2019individuazione dell\u2019utente (ma la sola provenienza dell\u2019azienda), non incrociamo le informazioni raccolte attraverso i cookies con altre informazioni personali.<\/p>\n\n\n\n<p class=\"western\">La maggior parte dei browser pu\u00f2 essere impostata con modalit\u00e0 tali da informarla nel caso in cui un cookie vi \u00e8 stato inviato con la possibilit\u00e0, da parte sua, di procedere alla sua disabilitazione. La disabilitazione del cookies, tuttavia, pu\u00f2 in taluni casi non consentire l\u2019uso del sito oppure dare problemi di visualizzazione del sito o delimitare le funzionalit\u00e0 del medesimo sito, pur se limitatamente ad aree o funzioni del portale.<\/p>\n\n\n\n<p class=\"western\">La disabilitazione dei cookies consentir\u00e0, in ogni caso, di accedere alla home page del nostro Sito.<\/p>\n\n\n\n<p class=\"western\">L\u2019uso di c.d. cookies di sessione (che svaniscono con la chiusura del browser) \u00e8 strettamente limitato alla trasmissione di identificativi di sessione (costituiti da numeri casuali generati dal server) necessari per consentire l\u2019esplorazione sicura ed efficiente del Sito. I c.d. cookies di sessione utilizzati sul Sito evitano il ricorso ad altre tecniche informatiche potenzialmente pregiudizievoli per la riservatezza della navigazione degli utenti e non consentono l\u2019acquisizione di dati personali identificativi dell\u2019utente.<\/p>\n\n\n\n<p class=\"western\"><em>Dati di navigazione<\/em><\/p>\n\n\n\n<p>I sistemi informatici e le procedure software preposte al funzionamento del Sito acquisiscono, in automatico, alcuni dati personali la cui trasmissione avviene ordinariamente a seguito dell\u2019uso dei protocolli di comunicazione di Internet.<\/p>\n\n\n\n<p>Si tratta di informazioni che non sono raccolte per essere associate a interessati identificati, ma che per loro stessa natura potrebbero, attraverso elaborazioni ed associazioni con dati detenuti da terzi, permettere di identificare gli utenti.<\/p>\n\n\n\n<p>In questa categoria di dati rientrano gli indirizzi IP o i nomi a dominio dei computer utilizzati dagli utenti che si connettono al sito, gli user agent, gli indirizzi in notazione URI (Uniform Resource Identifier) delle risorse richieste, il tipo di web browser che usa, il momento del collegamento al sito, le pagine dalle quali attraverso un link hai raggiunto il Sito www.cpdp.it, l\u2019orario della richiesta, il metodo utilizzato nel sottoporre la richiesta al server, la dimensione del file ottenuto in risposta, il codice numerico indicante lo stato della risposta data dal server (buon fine, errore, ecc.) ed altri parametri relativi al sistema operativo e all\u2019ambiente informatico dell\u2019utente.<\/p>\n\n\n\n<p>Questi dati vengono utilizzati al solo fine di ricavare informazioni statistiche anonime circa l\u2019uso del sito, per la gestione del sistema interno, per individuare problemi con il server, per l\u2019amministrazione del sito web e per controllarne il corretto funzionamento e vengono cancellati immediatamente dopo l\u2019elaborazione. Ci avvaliamo di queste informazioni anche per la raccolta di dati demografici circa l\u2019origine dei fornitori dei servizi internet dei visitatori.<\/p>\n\n\n\n<p>I dati potrebbero essere utilizzati anche per l\u2019accertamento di responsabilit\u00e0 in caso di ipotetici reati informatici ai danni del Sito: salva questa eventualit\u00e0, allo stato i dati sui contatti web non vengono conservati in maniera permanente.<\/p>\n\n\n\n<p><strong>FACOLTATIVITA\u2019 DEL CONFERIMENTO DEI DATI<\/strong><\/p>\n\n\n\n<p>Fatto salvo quanto specifico per i dati relativi alla navigazione nel sito, l\u2019utente \u00e8 sempre libero di fornire i dati personali per le finalit\u00e0 in base alle quali si connette al Sito (es. richiesta di informazioni o documentazione tramite compilazione del form contact us, registrazione all\u2019area riservata agli Associati della SPI, ecc.) Il mancato conferimento dei dati, tuttavia, pu\u00f2 determinare l\u2019impossibilit\u00e0 di soddisfare la richiesta dell\u2019utente.<\/p>\n\n\n\n<p><strong>MODALITA\u2019 DEL TRATTAMENTO <\/strong><\/p>\n\n\n\n<p>I dati personali sono trattati con strumenti automatizzati per il tempo strettamente necessario al raggiungimento degli scopi per cui sono stati raccolti.<\/p>\n\n\n\n<p><strong>LUOGO DEL TRATTAMENTO DEI DATI <\/strong><\/p>\n\n\n\n<p>I trattamenti di dati personali relativi al Sito www.cpdp.it hanno luogo presso la sede di Milano ove \u00e8 collocato il server dell\u2019Associazione e sono curati dalla Societ\u00e0 che cura la gestione del sito web, il controllo del corretto funzionamento dello stesso e l\u2019adozione delle relative misure di sicurezza.<\/p>\n\n\n\n<p>I dati possono essere trattati anche da soggetti incaricati di occasionali operazioni di manutenzione.<\/p>\n\n\n\n<p class=\"western\"><strong>LA COMUNICAZIONE DEI DATI<\/strong><\/p>\n\n\n\n<p class=\"western\">La comunicazione ed eventuale diffusione dei dati personali avvengono solo in base a quanto previsto dal Codice della privacy: con il consenso degli interessati o nei casi di legge in base alla disciplina contenuta negli artt. 24 e 25 del Codice.<\/p>\n\n\n\n<p class=\"western\">La comunicazione dei dati, ad esempio, pu\u00f2 essere effettuata anche in caso di richiesta delle autorit\u00e0 governative o di terzi soggetti, a mero titolo esemplificativo ma non esaustivo, in adempimento di ordini dell\u2019autorit\u00e0 giudiziaria laddove sia richiesto o consentito dalla legge. Possiamo, anche procedere alla comunicazione di dati personali per esigenze difensive proprie o di terzi in conformit\u00e0 a quanto previsto dal Codice deontologico del trattamento dei dati per fini difensivi e l\u2019art. 24, comma 1, lett. g del D. Lgs. 196\/2003.<\/p>\n\n\n\n<p class=\"western\"><strong>CURRICULA E DATI SENSIBILI <\/strong><\/p>\n\n\n\n<p class=\"western\">Si richiede di non inviare curricula poich\u00e9 l\u2019Associazione, al momento, non assume personale. Si richiede, inoltre, di non inoltrare, per nessun motivo, dati che possano essere giuridicamente qualificati come dati sensibili (dati relativi alla salute, alla vita sessuale, alle convinzioni religiose, politiche, sindacali, alla razza, all\u2019etnia, ecc.). Laddove Lei intenda comunque, impiegare gli indirizzi di posta elettronica presenti sul sito per inviare il suo curriculum vitae, Le ricordiamo di eliminare dallo stesso eventuali dati di natura sensibile (quali i dati inerente la salute, la vita sessuale, le sue convinzioni religiose, politiche sindacali). Nel caso in cui lei vi proceder\u00e0 saremo costretti all\u2019immediata cancellazione di questi dati. Le ricordiamo che lo Statuto dei lavoratori italiano a Sua tutela non consente di trattare detta tipologia di informazioni fatta eccezione per i dati inerenti l\u2019appartenenza a categorie protette o altre ipotesi particolari che, tuttavia, non sono applicabili a questa Associazione. Nel caso in cui Lei ritenga di dover inviare detti dati potr\u00e0 inviarci il Curriculum solo tramite posta ordinaria accompagnando il curriculum con la prestazione del consenso scritto specifico all\u2019utilizzo di questi dati.<\/p>\n\n\n\n<p class=\"western\"><strong>SOGGETTI TERZI<\/strong><\/p>\n\n\n\n<p class=\"western\">Il Centro Psicoanalitico di Pavia pu\u00f2 avvalersi di terzi soggetti per la gestione del sito e per la parte tecnologica.<\/p>\n\n\n\n<p class=\"western\">I terzi soggetti sono tenuti al rispetto della normativa vigente ed agiscono quali autonomi titolari del trattamento. Nel caso in cui detti soggetti debbano svolgere dei compiti che potenzialmente potrebbero implicare un trattamento di dati personali, gli stessi rivestiranno uno specifico ruolo privacy di Incaricati esterni oppure di responsabili privacy esterni o ancora potranno ricevere delle clausole privacy.<\/p>\n\n\n\n<p class=\"western\"><strong>LINK AD ALTRI SITI<\/strong><\/p>\n\n\n\n<p class=\"western\">La navigazione sul sito web del CPdP consente di accedere, mediante link ad altrisiti Web gestiti da terzi (es. sito dell\u2019IPA cui l\u2019Associazione ed ogni suo membro sono iscritti) Questi siti possono raccogliere informazioni personali su di Lei. L\u2019Associazione non controlla i siti che vengono gestiti da tali soggetti e non pu\u00f2 essere considerata responsabile per le condotte dei medesimi.<\/p>\n\n\n\n<p class=\"western\">Le prescrizioni a tutela della privacy e della sicurezza dei dati personali trattati nei siti collegati da o verso il sito dell\u2019Associazione non sono coperte dalla presente policy privacy. Il Centro, pertanto, non \u00e8 responsabile delle condotte in materia di privacy tenute da questi siti.<\/p>\n\n\n\n<p class=\"western\"><strong>LE MISURE DI SICUREZZA<\/strong><\/p>\n\n\n\n<p>La sicurezza delle Sue informazioni \u00e8 essenziale per l\u2019Associazione. Specifiche misure di sicurezza sono osservate per prevenire la perdita dei dati, usi illeciti o non corretti ed accessi non autorizzati. Tuttavia, la stessa natura di Internet, che costituisce un mezzo di comunicazione globale, non ci consente di garantirle l\u2019assoluta sicurezza dei dati e delle informazioni durante la fase di comunicazione a mezzo della Rete degli stessi oppure durante la memorizzazione nei nostri sistemi. Terzi soggetti, quali gli hacker, infatti, potrebbero venirne a conoscenza. Parimenti le trasmissioni via e.mail o mediante l\u2019uso della funzione \u201ccontattaci\u201d o altre funzioni similari del nostro sito possono non essere sicure poich\u00e9 terzi soggetti potrebbero prenderne conoscenza. L\u2019accesso alle Sezioni riservate del sito \u00e8 consentito unicamente agli Associati della SPI previa registrazione.<\/p>\n\n\n\n<p>Tra le funzionalit\u00e0 del sito viene data la possibilit\u00e0 di creare un account con un nome utente e la password per gli Associati. L\u2019Associato \u00e8 obbligato a mantenere la riservatezza della password del proprio account ed \u00e8 responsabile, in conformit\u00e0 e nei limiti della normativa vigente, per gli accessi e gli usi del sito effettuata dal medesimo utente oppure da persona fisica o giuridica che impieghi la sua password indipendentemente dalla circostanza che tale accesso sia stato autorizzato da e per conto dell\u2019utente oppure dalla circostanza che il soggetto che ha effettuato l\u2019accesso sia un dipendente o altro preposto dell\u2019Utente.<\/p>\n\n\n\n<p class=\"western\">Il netizen si impegna a: (a) notificare immediatamente alla SPI attraverso la mail <a href=\"mailto:privacy@spiweb.it\">privacy@spiweb.it<\/a> qualsiasi utilizzo non autorizzato della password o account o eventuali altre violazioni della sicurezza, e (b) garantire, al termine di ogni sessione, di disabilitare l\u2019account. Il netizen si obbliga, inoltre, a proteggere la propria password, controllare l&#8217;accesso e l&#8217;utilizzo del proprio account, e comunicare all\u2019Associazione le richieste di cancellare il proprio account su questo sito web. L\u2019Associazione non \u00e8 responsabile, ad eccezione di norme inderogabili di legge italiana, per qualsiasi perdita o danno derivante dal mancato rispetto di questa disposizione nonch\u00e9 per la comunicazione di dati personali e informazioni dovuta ad errori o atti non autorizzati o illeciti di terzi durante o dopo la trasmissione.<\/p>\n\n\n\n<p class=\"western\"><strong>I SUOI DIRITTI<\/strong><\/p>\n\n\n\n<p class=\"western\"><br>Se Lei desidera ottenere la conferma di un eventuale trattamento da parte nostra dei suoi dati personali ed esercitare i diritti di conoscere i contenuti e l\u2019origine dei dati o di verificare la loro completezza ed esattezza pu\u00f2 richiederci di procedere ad un\u2019integrazione, ad un aggiornamento, alla loro rettifica in conformit\u00e0 all\u2019art. 7 del D. Lgs. 196\/2003, inviandoci una richiesta, senza alcuna formalit\u00e0, alla mail <a href=\"mailto:privacy@spiweb.it\">privacy@spiweb.it<\/a>.<\/p>\n\n\n\n<p><strong>MODIFICHE DELLA POLICY PRIVACY<\/strong><\/p>\n\n\n\n<p class=\"western\">Il Centro Psicoanalitico di Pavia si riserva il diritto di modificare o aggiornare questa Privacy Policy in qualsiasi momento, e informer\u00e0 gli utenti di questo sito web mediante le modifiche o aggiornamenti Privacy di questa pagina web. Eventuali modifiche o aggiornamenti della privacy policy esplicheranno i loro effetti in via immediatamente successiva alla pubblicazione su questo sito web.<\/p>\n\n\n\n<p class=\"western\">L\u2019accesso o l&#8217;utilizzo del sito web dopo la pubblicazione delle modifiche della policy costituir\u00e0 accettazione espressa delle medesime.<\/p>\n\n\n\n<p><strong>DOMANDE E\/O COMMENTI<\/strong><\/p>\n\n\n\n<p>Per qualsiasi osservazione e\/o commento relativi alla presente policy potrete contattare l\u2019Associazione SPI alla mail <a href=\"mailto:privacy@spiweb.it\">privacy@spiweb.it<\/a> oppure tramite posta ordinaria alla sede di Milano in Via Corridoni, 38.&nbsp;<\/p>\n","protected":false},"excerpt":{"rendered":"<p>Policy Privacy La presente policy privacy ha la finalit\u00e0 di descrivere in generale le modalit\u00e0 di gestione del Sito www.cpdp.it&nbsp;(di seguito \u201cSito\u201d) in riferimento al trattamento dei dati personali degli utenti che lo consultano (il documento non include i trattamenti svolti su altri siti web eventualmente consultabili dall\u2019utente tramite link presenti sul Sito). Il presente&hellip;<\/p>\n","protected":false},"author":1,"featured_media":0,"parent":0,"menu_order":0,"comment_status":"closed","ping_status":"open","template":"","meta":{"footnotes":""},"yoast_head":"<!-- This site is optimized with the Yoast SEO plugin v21.7 - https:\/\/yoast.com\/wordpress\/plugins\/seo\/ -->\n<title>Privacy Policy - CPDP<\/title>\n<meta name=\"robots\" content=\"index, follow, max-snippet:-1, max-image-preview:large, max-video-preview:-1\" \/>\n<link rel=\"canonical\" href=\"https:\/\/cpdp.it\/index.php\/privacy-policy\/\" \/>\n<meta property=\"og:locale\" content=\"it_IT\" \/>\n<meta property=\"og:type\" content=\"article\" \/>\n<meta property=\"og:title\" content=\"Privacy Policy - CPDP\" \/>\n<meta property=\"og:description\" content=\"Policy Privacy La presente policy privacy ha la finalit\u00e0 di descrivere in generale le modalit\u00e0 di gestione del Sito www.cpdp.it&nbsp;(di seguito \u201cSito\u201d) in riferimento al trattamento dei dati personali degli utenti che lo consultano (il documento non include i trattamenti svolti su altri siti web eventualmente consultabili dall\u2019utente tramite link presenti sul Sito). Il presente&hellip;\" \/>\n<meta property=\"og:url\" content=\"https:\/\/cpdp.it\/index.php\/privacy-policy\/\" \/>\n<meta property=\"og:site_name\" content=\"CPDP\" \/>\n<meta property=\"article:modified_time\" content=\"2021-03-31T13:49:05+00:00\" \/>\n<meta name=\"twitter:card\" content=\"summary_large_image\" \/>\n<meta name=\"twitter:label1\" content=\"Tempo di lettura stimato\" \/>\n\t<meta name=\"twitter:data1\" content=\"11 minuti\" \/>\n<script type=\"application\/ld+json\" class=\"yoast-schema-graph\">{\"@context\":\"https:\/\/schema.org\",\"@graph\":[{\"@type\":\"WebPage\",\"@id\":\"https:\/\/cpdp.it\/index.php\/privacy-policy\/\",\"url\":\"https:\/\/cpdp.it\/index.php\/privacy-policy\/\",\"name\":\"Privacy Policy - CPDP\",\"isPartOf\":{\"@id\":\"https:\/\/cpdp.it\/#website\"},\"datePublished\":\"2019-01-29T18:34:25+00:00\",\"dateModified\":\"2021-03-31T13:49:05+00:00\",\"breadcrumb\":{\"@id\":\"https:\/\/cpdp.it\/index.php\/privacy-policy\/#breadcrumb\"},\"inLanguage\":\"it-IT\",\"potentialAction\":[{\"@type\":\"ReadAction\",\"target\":[\"https:\/\/cpdp.it\/index.php\/privacy-policy\/\"]}]},{\"@type\":\"BreadcrumbList\",\"@id\":\"https:\/\/cpdp.it\/index.php\/privacy-policy\/#breadcrumb\",\"itemListElement\":[{\"@type\":\"ListItem\",\"position\":1,\"name\":\"Home\",\"item\":\"https:\/\/cpdp.it\/\"},{\"@type\":\"ListItem\",\"position\":2,\"name\":\"Privacy Policy\"}]},{\"@type\":\"WebSite\",\"@id\":\"https:\/\/cpdp.it\/#website\",\"url\":\"https:\/\/cpdp.it\/\",\"name\":\"CPDP\",\"description\":\"Centro Psicoanalitico di Pavia\",\"potentialAction\":[{\"@type\":\"SearchAction\",\"target\":{\"@type\":\"EntryPoint\",\"urlTemplate\":\"https:\/\/cpdp.it\/?s={search_term_string}\"},\"query-input\":\"required name=search_term_string\"}],\"inLanguage\":\"it-IT\"}]}<\/script>\n<!-- \/ Yoast SEO plugin. -->","yoast_head_json":{"title":"Privacy Policy - CPDP","robots":{"index":"index","follow":"follow","max-snippet":"max-snippet:-1","max-image-preview":"max-image-preview:large","max-video-preview":"max-video-preview:-1"},"canonical":"https:\/\/cpdp.it\/index.php\/privacy-policy\/","og_locale":"it_IT","og_type":"article","og_title":"Privacy Policy - CPDP","og_description":"Policy Privacy La presente policy privacy ha la finalit\u00e0 di descrivere in generale le modalit\u00e0 di gestione del Sito www.cpdp.it&nbsp;(di seguito \u201cSito\u201d) in riferimento al trattamento dei dati personali degli utenti che lo consultano (il documento non include i trattamenti svolti su altri siti web eventualmente consultabili dall\u2019utente tramite link presenti sul Sito). Il presente&hellip;","og_url":"https:\/\/cpdp.it\/index.php\/privacy-policy\/","og_site_name":"CPDP","article_modified_time":"2021-03-31T13:49:05+00:00","twitter_card":"summary_large_image","twitter_misc":{"Tempo di lettura stimato":"11 minuti"},"schema":{"@context":"https:\/\/schema.org","@graph":[{"@type":"WebPage","@id":"https:\/\/cpdp.it\/index.php\/privacy-policy\/","url":"https:\/\/cpdp.it\/index.php\/privacy-policy\/","name":"Privacy Policy - CPDP","isPartOf":{"@id":"https:\/\/cpdp.it\/#website"},"datePublished":"2019-01-29T18:34:25+00:00","dateModified":"2021-03-31T13:49:05+00:00","breadcrumb":{"@id":"https:\/\/cpdp.it\/index.php\/privacy-policy\/#breadcrumb"},"inLanguage":"it-IT","potentialAction":[{"@type":"ReadAction","target":["https:\/\/cpdp.it\/index.php\/privacy-policy\/"]}]},{"@type":"BreadcrumbList","@id":"https:\/\/cpdp.it\/index.php\/privacy-policy\/#breadcrumb","itemListElement":[{"@type":"ListItem","position":1,"name":"Home","item":"https:\/\/cpdp.it\/"},{"@type":"ListItem","position":2,"name":"Privacy Policy"}]},{"@type":"WebSite","@id":"https:\/\/cpdp.it\/#website","url":"https:\/\/cpdp.it\/","name":"CPDP","description":"Centro Psicoanalitico di Pavia","potentialAction":[{"@type":"SearchAction","target":{"@type":"EntryPoint","urlTemplate":"https:\/\/cpdp.it\/?s={search_term_string}"},"query-input":"required name=search_term_string"}],"inLanguage":"it-IT"}]}},"jetpack_sharing_enabled":true,"_links":{"self":[{"href":"https:\/\/cpdp.it\/index.php\/wp-json\/wp\/v2\/pages\/3"}],"collection":[{"href":"https:\/\/cpdp.it\/index.php\/wp-json\/wp\/v2\/pages"}],"about":[{"href":"https:\/\/cpdp.it\/index.php\/wp-json\/wp\/v2\/types\/page"}],"author":[{"embeddable":true,"href":"https:\/\/cpdp.it\/index.php\/wp-json\/wp\/v2\/users\/1"}],"replies":[{"embeddable":true,"href":"https:\/\/cpdp.it\/index.php\/wp-json\/wp\/v2\/comments?post=3"}],"version-history":[{"count":3,"href":"https:\/\/cpdp.it\/index.php\/wp-json\/wp\/v2\/pages\/3\/revisions"}],"predecessor-version":[{"id":2363,"href":"https:\/\/cpdp.it\/index.php\/wp-json\/wp\/v2\/pages\/3\/revisions\/2363"}],"wp:attachment":[{"href":"https:\/\/cpdp.it\/index.php\/wp-json\/wp\/v2\/media?parent=3"}],"curies":[{"name":"wp","href":"https:\/\/api.w.org\/{rel}","templated":true}]}}